{"id":122489,"date":"2025-08-28T09:00:37","date_gmt":"2025-08-28T07:00:37","guid":{"rendered":"https:\/\/dev6.webprosjekt.net\/?post_type=product&#038;p=122489"},"modified":"2025-08-01T10:56:18","modified_gmt":"2025-08-01T08:56:18","slug":"christian-vii-den-militaere-skole-i-christiania-1776-adzer-solv-49-mm-5783-g-riper-1","status":"publish","type":"product","link":"https:\/\/dev6.webprosjekt.net\/en\/produkt\/christian-vii-den-militaere-skole-i-christiania-1776-adzer-solv-49-mm-5783-g-riper-1\/","title":{"rendered":"Christian VII. Den milit\u00e6re skole i Christiania 1776, Adzer, S\u00f8lv 49 mm (57,83 g), riper, 1+"},"content":{"rendered":"<p>Den milit\u00e6re skole i Christiania ble grunnlagt av Frederik V i 1750 og var forl\u00f8peren til Den Kongelige Norske Krigsskole.<\/p>\n","protected":false},"excerpt":{"rendered":"<p>Den milit\u00e6re skole i Christiania ble grunnlagt av Frederik V i 1750 og var forl\u00f8peren til Den Kongelige Norske Krigsskole.<\/p>\n","protected":false},"featured_media":122490,"template":"","meta":{"_acf_changed":false},"product_brand":[],"product_cat":[15],"product_tag":[],"class_list":{"0":"post-122489","1":"product","2":"type-product","3":"status-publish","4":"has-post-thumbnail","6":"product_cat-medaljer-norge","8":"first","9":"instock","10":"shipping-taxable","11":"purchasable","12":"product-type-simple"},"acf":[],"_links":{"self":[{"href":"https:\/\/dev6.webprosjekt.net\/en\/wp-json\/wp\/v2\/product\/122489","targetHints":{"allow":["GET"]}}],"collection":[{"href":"https:\/\/dev6.webprosjekt.net\/en\/wp-json\/wp\/v2\/product"}],"about":[{"href":"https:\/\/dev6.webprosjekt.net\/en\/wp-json\/wp\/v2\/types\/product"}],"wp:featuredmedia":[{"embeddable":true,"href":"https:\/\/dev6.webprosjekt.net\/en\/wp-json\/wp\/v2\/media\/122490"}],"wp:attachment":[{"href":"https:\/\/dev6.webprosjekt.net\/en\/wp-json\/wp\/v2\/media?parent=122489"}],"wp:term":[{"taxonomy":"product_brand","embeddable":true,"href":"https:\/\/dev6.webprosjekt.net\/en\/wp-json\/wp\/v2\/product_brand?post=122489"},{"taxonomy":"product_cat","embeddable":true,"href":"https:\/\/dev6.webprosjekt.net\/en\/wp-json\/wp\/v2\/product_cat?post=122489"},{"taxonomy":"product_tag","embeddable":true,"href":"https:\/\/dev6.webprosjekt.net\/en\/wp-json\/wp\/v2\/product_tag?post=122489"}],"curies":[{"name":"wp","href":"https:\/\/api.w.org\/{rel}","templated":true}]}}