{"id":42460,"date":"2023-12-22T09:02:08","date_gmt":"2023-12-22T08:02:08","guid":{"rendered":"https:\/\/dev6.webprosjekt.net\/product\/oscar-ii-for-edel-daad-2-klasse-01\/"},"modified":"2023-12-22T09:02:10","modified_gmt":"2023-12-22T08:02:10","slug":"oscar-ii-for-edel-daad-2-klasse-01","status":"publish","type":"product","link":"https:\/\/dev6.webprosjekt.net\/en\/produkt\/oscar-ii-for-edel-daad-2-klasse-01\/","title":{"rendered":"Oscar II. For \u00e6del daad 2. klasse, 01"},"content":{"rendered":"","protected":false},"excerpt":{"rendered":"<p>Throndsen. S\u00f8lv. Med hempe og b\u00e5nd. <a href=\"https:\/\/dev6.webprosjekt.net\/en\/produkt\/oscar-ii-for-edel-daad-2-klasse-01\/\"><\/a><\/p>\n","protected":false},"featured_media":94252,"template":"","meta":{"_acf_changed":false},"product_brand":[],"product_cat":[146],"product_tag":[],"class_list":{"0":"post-42460","1":"product","2":"type-product","3":"status-publish","4":"has-post-thumbnail","6":"product_cat-medaljer-norge-en","8":"first","9":"instock","10":"shipping-taxable","11":"purchasable","12":"product-type-simple"},"acf":[],"_links":{"self":[{"href":"https:\/\/dev6.webprosjekt.net\/en\/wp-json\/wp\/v2\/product\/42460","targetHints":{"allow":["GET"]}}],"collection":[{"href":"https:\/\/dev6.webprosjekt.net\/en\/wp-json\/wp\/v2\/product"}],"about":[{"href":"https:\/\/dev6.webprosjekt.net\/en\/wp-json\/wp\/v2\/types\/product"}],"wp:featuredmedia":[{"embeddable":true,"href":"https:\/\/dev6.webprosjekt.net\/en\/wp-json\/wp\/v2\/media\/94252"}],"wp:attachment":[{"href":"https:\/\/dev6.webprosjekt.net\/en\/wp-json\/wp\/v2\/media?parent=42460"}],"wp:term":[{"taxonomy":"product_brand","embeddable":true,"href":"https:\/\/dev6.webprosjekt.net\/en\/wp-json\/wp\/v2\/product_brand?post=42460"},{"taxonomy":"product_cat","embeddable":true,"href":"https:\/\/dev6.webprosjekt.net\/en\/wp-json\/wp\/v2\/product_cat?post=42460"},{"taxonomy":"product_tag","embeddable":true,"href":"https:\/\/dev6.webprosjekt.net\/en\/wp-json\/wp\/v2\/product_tag?post=42460"}],"curies":[{"name":"wp","href":"https:\/\/api.w.org\/{rel}","templated":true}]}}